{"id":94580,"date":"2026-04-13T16:23:41","date_gmt":"2026-04-13T14:23:41","guid":{"rendered":"https:\/\/helveticor.ch\/?page_id=94580"},"modified":"2026-04-21T08:12:37","modified_gmt":"2026-04-21T06:12:37","slug":"logistique-securisee-des-valeurs-a-dubai-precision-suisse-pour-le-moyen-orient","status":"publish","type":"page","link":"https:\/\/helveticor.ch\/fr\/logistique-securisee-des-valeurs-a-dubai-precision-suisse-pour-le-moyen-orient\/","title":{"rendered":"Dubai"},"content":{"rendered":"<h1> Duba\u00ef en tant que hub strat\u00e9gique pour la logistique internationale de valeurs <\/h1>\n<h2>Solutions s\u00e9curis\u00e9es de logistique et de transport de valeurs au Moyen-Orient avec la pr\u00e9cision suisse <\/h2>\n<p>Duba\u00ef est l\u2019un des plus importants march\u00e9s mondiaux pour les m\u00e9taux pr\u00e9cieux, les bijoux et les diamants. Plaque tournante internationale entre l\u2019Europe, l\u2019Afrique, l\u2019Asie et le Moyen-Orient, la m\u00e9tropole relie les march\u00e9s mondiaux gr\u00e2ce \u00e0 une infrastructure moderne, \u00e0 un march\u00e9 dynamique et \u00e0 une excellente liaison logistique. <\/p>\n<p>En tant que membre du groupe Planzer, une entreprise familiale suisse riche en traditions, nous allions normes de s\u00e9curit\u00e9 les plus \u00e9lev\u00e9es, connaissance du march\u00e9 r\u00e9gional et comp\u00e9tence logistique internationale. Notre implantation dans la zone franche de l\u2019a\u00e9roport de Duba\u00ef nous permet de g\u00e9rer de mani\u00e8re efficace, s\u00fbre et fiable le transport de valeur dans l\u2019une des principales r\u00e9gions commerciales du monde, qu\u2019il s\u2019agisse de m\u00e9taux pr\u00e9cieux ou de billets. <\/p>\n<h2>Nos services \u00e0 Duba\u00ef<\/h2>\n<ul>\n<li>Traitement d\u2019envois internationaux de fret a\u00e9rien<\/li>\n<li>Traitement d\u2019envois internationaux de fret maritime<\/li>\n<li>Transport de valeurs national<\/li>\n<li>Stockage haute s\u00e9curit\u00e9<\/li>\n<\/ul>\n<h3>Pourquoi Duba\u00ef ? <\/h3>\n<p><strong>Hub strat\u00e9gique entre quatre continents<\/strong> <br \/>Liaison optimale avec les axes commerciaux mondiaux entre l\u2019Europe, l\u2019Afrique, l\u2019Asie et le Moyen-Orient.<\/p>\n<p><strong>Pr\u00e9sence locale et responsabilit\u00e9 r\u00e9gionale<\/strong> <br \/>Avec un bureau sur place, nous sommes proches du march\u00e9 et assistons directement et efficacement notre client\u00e8le locale et r\u00e9gionale.<\/p>\n<p><strong>Entreprise familiale suisse<\/strong> <br \/>Stabilit\u00e9, ind\u00e9pendance, perspective \u00e0 long terme en tant que membre du groupe Planzer et acc\u00e8s rapide aux responsables d\u00e9cisionnels.<\/p>\n<p><strong>Solutions sur mesure<\/strong> <br \/>Concepts de s\u00e9curit\u00e9 et de logistique sur mesure pour r\u00e9pondre aux exigences de la client\u00e8le.<\/p>\n<h3>Duba\u00ef, p\u00f4le commercial mondial <\/h3>\n<p>Ce n\u2019est pas un hasard si Duba\u00ef est surnomm\u00e9e la \u00ab City of Gold \u00bb (\u00ab ville de l\u2019or \u00bb). Depuis des d\u00e9cennies, la m\u00e9tropole est un centre de transit majeur pour les m\u00e9taux pr\u00e9cieux, les billets de banque et d\u2019autres valeurs physiques. La ville combine emplacement strat\u00e9gique, infrastructure moderne, d\u00e9douanement efficace et environnement financier robuste, des conditions id\u00e9ales pour g\u00e9rer les flux commerciaux internationaux de mani\u00e8re fiable.  <\/p>\n<p>Avec notre site dans la zone franche de l\u2019a\u00e9roport de Duba\u00ef, nous g\u00e9rons le transport, de la planification initiale \u00e0 la livraison finale, en passant par les processus op\u00e9rationnels. Cela nous permet d\u2019effectuer des livraisons rapides, s\u00fbres et efficaces, tant au sein des \u00c9mirats qu\u2019entre les principaux centres financiers du monde. <\/p>\n<h2>Notre site de Duba\u00ef<br \/>\n<\/h2>\n<p>Helveticor ME FZCO<\/p>\n<p>Office 7WB-3136<br \/>Building 7W, 3rd Floor<br \/>Dubai Airport Freezone<br \/>Dubai, UAE<\/p>\n<p>customerservice.dxb@helveticor.ch<\/p>\n<h2><a href=\"tel:%20+971%204%20297%207993\">  +971 4 297 7993<\/a><\/h2>\n<p>\t\t\t\t\t<a role=\"button\"><br \/>\n\t\t\t\t\t\t\t\t\tPRENDRE CONTACT<br \/>\n\t\t\t\t\t<\/a><br \/>\n\t\t\t\t\t\t\t\t\t\t\t\t\t\t\t<img fetchpriority=\"high\" decoding=\"async\" width=\"1024\" height=\"1024\" src=\"https:\/\/helveticor.ch\/wp-content\/uploads\/2026\/03\/Design-ohne-Titel-64.png\" alt=\"\" srcset=\"https:\/\/helveticor.ch\/wp-content\/uploads\/2026\/03\/Design-ohne-Titel-64.png 1024w, https:\/\/helveticor.ch\/wp-content\/uploads\/2026\/03\/Design-ohne-Titel-64-300x300.png 300w, https:\/\/helveticor.ch\/wp-content\/uploads\/2026\/03\/Design-ohne-Titel-64-150x150.png 150w, https:\/\/helveticor.ch\/wp-content\/uploads\/2026\/03\/Design-ohne-Titel-64-768x768.png 768w\" sizes=\"(max-width: 1024px) 100vw, 1024px\" \/>\t\t\t\t\t\t\t\t\t\t\t\t\t\t\t<\/p>\n<h3>March\u00e9s mondiaux, efficacit\u00e9 logistique <\/h3>\n<p>Les plateformes de fret a\u00e9rien et maritime de Duba\u00ef comptent parmi les plus performantes au monde. Notre site permet de g\u00e9rer des cha\u00eenes d\u2019approvisionnement complexes de mani\u00e8re coordonn\u00e9e, des transports r\u00e9guliers standardis\u00e9s aux transports sp\u00e9ciaux individuels. Des circuits d\u00e9cisionnels courts, un r\u00e9seau de partenaires en constante \u00e9volution et des processus rod\u00e9s garantissent un d\u00e9roulement fluide et une pr\u00e9cision maximale lors de chaque transport.  <\/p>\n<p>\t\t\t\t\t\t\t\t\t\t\t\t\t\t\t<img decoding=\"async\" width=\"1024\" height=\"1024\" src=\"https:\/\/helveticor.ch\/wp-content\/uploads\/2026\/04\/Design-ohne-Titel-65.png\" alt=\"\" srcset=\"https:\/\/helveticor.ch\/wp-content\/uploads\/2026\/04\/Design-ohne-Titel-65.png 1024w, https:\/\/helveticor.ch\/wp-content\/uploads\/2026\/04\/Design-ohne-Titel-65-300x300.png 300w, https:\/\/helveticor.ch\/wp-content\/uploads\/2026\/04\/Design-ohne-Titel-65-150x150.png 150w, https:\/\/helveticor.ch\/wp-content\/uploads\/2026\/04\/Design-ohne-Titel-65-768x768.png 768w\" sizes=\"(max-width: 1024px) 100vw, 1024px\" \/><br \/>\n\t\t\t\t\t\t\t\t\t\t\t\t\t\t\t<img fetchpriority=\"high\" decoding=\"async\" width=\"1024\" height=\"1024\" src=\"https:\/\/helveticor.ch\/wp-content\/uploads\/2026\/03\/Design-ohne-Titel-64.png\" alt=\"\" srcset=\"https:\/\/helveticor.ch\/wp-content\/uploads\/2026\/03\/Design-ohne-Titel-64.png 1024w, https:\/\/helveticor.ch\/wp-content\/uploads\/2026\/03\/Design-ohne-Titel-64-300x300.png 300w, https:\/\/helveticor.ch\/wp-content\/uploads\/2026\/03\/Design-ohne-Titel-64-150x150.png 150w, https:\/\/helveticor.ch\/wp-content\/uploads\/2026\/03\/Design-ohne-Titel-64-768x768.png 768w\" sizes=\"(max-width: 1024px) 100vw, 1024px\" \/>\t\t\t\t\t\t\t\t\t\t\t\t\t\t\t<\/p>\n<h3>S\u00e9curit\u00e9 et responsabilit\u00e9 <\/h3>\n<p>\t\tChaque envoi est pris en charge par une personne de contact d\u00e9di\u00e9e et prot\u00e9g\u00e9 par une couverture d\u2019assurance compl\u00e8te. Nos concepts de s\u00e9curit\u00e9 associent normes internationales et comp\u00e9tences locales en mati\u00e8re de mise en \u0153uvre, pour une transparence et une fiabilit\u00e9 maximales tout au long de la cha\u00eene d\u2019approvisionnement.  \t\t<\/p>\n<h3>Logistique internationale de pr\u00e9cision suisse <\/h3>\n<p>\t\tDuba\u00ef n\u2019est pas seulement un hub commercial, c\u2019est aussi un p\u00f4le logistique performant. Avec un acc\u00e8s direct aux a\u00e9roports internationaux de Duba\u00ef, Al Maktoum, Sharjah et Abou Dabi, ainsi qu\u2019aux ports modernes en eau profonde, nous coordonnons efficacement et en toute fiabilit\u00e9 les transports a\u00e9riens, maritimes et terrestres. Nos \u00e9quipes locales travaillent en \u00e9troite collaboration avec des partenaires internationaux, afin que chaque envoi soit parfaitement surveill\u00e9, document\u00e9 et transport\u00e9 en toute s\u00e9curit\u00e9, qu\u2019il s\u2019agisse de m\u00e9taux pr\u00e9cieux, de billets ou d\u2019autres objets de valeur.   \t\t<\/p>\n<h4>Perspectives: croissance et rayonnement mondial <\/h4>\n<p>\t\tHelveticor Dubai est synonyme de progr\u00e8s, de qualit\u00e9 et de confiance, des valeurs que nous incarnons dans le monde entier en tant qu\u2019entreprise familiale suisse. Nous nous r\u00e9jouissons de pouvoir \u00e0 l\u2019avenir accompagner personnellement notre client\u00e8le au Moyen-Orient avec un r\u00e9seau mondial, une pr\u00e9sence locale et une s\u00e9curit\u00e9 totale.  \t\t<\/p>\n<h2>AUTRES SERVICES<\/h2>\n<p>\t\t\t<svg xmlns=\"http:\/\/www.w3.org\/2000\/svg\" xmlns:xlink=\"http:\/\/www.w3.org\/1999\/xlink\" id=\"Layer_1\" x=\"0px\" y=\"0px\" viewBox=\"0 0 62 55\" style=\"enable-background:new 0 0 62 55;\" xml:space=\"preserve\"><\/p>\n<style type=\"text\/css\">\t.stHo{fill:#0F3C5A;}<\/style>\n<path d=\"M0,55V12.222L30.673,0l30.673,12.222V55H42.942V30.556H18.404V55H0z M21.471,55v-6.111h6.135V55H21.471z  M27.606,45.833v-6.111h6.135v6.111H27.606z M33.74,55v-6.111h6.135V55H33.74z\"><\/path><\/svg>\t\t\t<\/p>\n<h4>STOCKAGE DE HAUTE S\u00c9CURIT\u00c9<\/h4>\n<p>Nous conservons vos objets de valeur dans des b\u00e2timents de haute s\u00e9curit\u00e9 localis\u00e9s en Suisse, dans la principaut\u00e9 du Liechtenstein et dans les principales places financi\u00e8res mondiales, qu\u2019il s\u2019agisse d\u2019un stockage de longue dur\u00e9e, d\u2019une courte halte, ou m\u00eame dans votre propre entrep\u00f4t douanier.<\/p>\n<p>\t\t\t\t\t<a role=\"button\"><br \/>\n\t\t\t\t<svg xmlns=\"http:\/\/www.w3.org\/2000\/svg\" width=\"8\" height=\"14\" viewBox=\"0 0 8 14\" fill=\"none\"><path id=\"chevron-right\" d=\"M1 13L7 7L1 1\" stroke=\"#4197CB\" stroke-width=\"2\" stroke-linecap=\"round\" stroke-linejoin=\"round\"><\/path><\/svg><br \/>\n\t\t\t\t\t\t\t\t\tEN SAVOIR PLUS<br \/>\n\t\t\t\t\t<\/a><br \/>\n\t\t\t<svg xmlns=\"http:\/\/www.w3.org\/2000\/svg\" xmlns:xlink=\"http:\/\/www.w3.org\/1999\/xlink\" id=\"Layer_1\" x=\"0px\" y=\"0px\" viewBox=\"0 0 70 56\" style=\"enable-background:new 0 0 70 56;\" xml:space=\"preserve\"><\/p>\n<style type=\"text\/css\">\t.stPhaTra0{fill:#0F3C5A;}\t.stPhaTra1{fill:#FFFFFF;}<\/style>\n<path d=\"M68.25,38.099H66.5v-11.7c0-1.375-0.558-2.695-1.542-3.669L54.031,11.917c-0.984-0.974-2.319-1.526-3.708-1.526 H45.5V5.195C45.5,2.327,43.148,0,40.25,0h-35C2.352,0,0,2.327,0,5.195v34.635c0,2.868,2.352,5.195,5.25,5.195H7 c0,5.736,4.703,10.391,10.5,10.391S28,50.763,28,45.026h14c0,5.736,4.703,10.391,10.5,10.391S63,50.763,63,45.026h5.25 c0.963,0,1.75-0.779,1.75-1.732v-3.464C70,38.878,69.213,38.099,68.25,38.099z M17.5,50.221c-2.898,0-5.25-2.327-5.25-5.195 c0-2.868,2.352-5.195,5.25-5.195s5.25,2.327,5.25,5.195C22.75,47.894,20.398,50.221,17.5,50.221z M52.5,50.221 c-2.898,0-5.25-2.327-5.25-5.195c0-2.868,2.352-5.195,5.25-5.195s5.25,2.327,5.25,5.195C57.75,47.894,55.398,50.221,52.5,50.221z  M61.25,27.708H45.5V15.586h4.823L61.25,26.399V27.708z\"><\/path><path d=\"M24,10h-6v6.987h-7v6h7v6.987h6v-6.987h7v-6h-7V10z\"><\/path><\/svg>\t\t\t<\/p>\n<h4>PHARMALOGISTIQUE<\/h4>\n<p>En tant qu&#8217;experts en s\u00e9curit\u00e9, nous mettons notre expertise \u00e0 disposition pour r\u00e9pondre aux exigences les plus strictes de la pharmalogistique. Assurer une s\u00e9curit\u00e9 de transport maximale et maintenir un contr\u00f4le continu de la temp\u00e9rature conform\u00e9ment aux Bonnes Pratiques de Distribution (GDP) n&#8217;est pas seulement notre objectif, mais \u00e9galement une condition essentielle.<\/p>\n<p>\t\t\t\t\t<a role=\"button\"><br \/>\n\t\t\t\t<svg xmlns=\"http:\/\/www.w3.org\/2000\/svg\" width=\"8\" height=\"14\" viewBox=\"0 0 8 14\" fill=\"none\"><path id=\"chevron-right\" d=\"M1 13L7 7L1 1\" stroke=\"#4197CB\" stroke-width=\"2\" stroke-linecap=\"round\" stroke-linejoin=\"round\"><\/path><\/svg><br \/>\n\t\t\t\t\t\t\t\t\tEN SAVOIR PLUS<br \/>\n\t\t\t\t\t<\/a><br \/>\n\t\t\t<svg xmlns=\"http:\/\/www.w3.org\/2000\/svg\" xmlns:xlink=\"http:\/\/www.w3.org\/1999\/xlink\" id=\"Layer_1\" x=\"0px\" y=\"0px\" viewBox=\"0 0 90 39\" style=\"enable-background:new 0 0 90 39;\" xml:space=\"preserve\"><\/p>\n<style type=\"text\/css\">\t.st0{fill:#0F3C5A;}<\/style>\n<path d=\"M37.65,26.9l-4.288-4.288c0.545-0.749,0.919-1.515,1.123-2.299c0.204-0.784,0.306-1.583,0.306-2.397 c0-0.817-0.102-1.617-0.306-2.401c-0.204-0.784-0.578-1.515-1.123-2.193l4.288-4.39c1.089,1.293,1.906,2.722,2.45,4.287 c0.545,1.565,0.817,3.131,0.817,4.696c0,1.565-0.272,3.114-0.817,4.647C39.556,24.096,38.739,25.542,37.65,26.9z M46.327,35.679 l-4.39-4.389c1.701-1.906,2.978-4.015,3.83-6.329c0.852-2.314,1.277-4.662,1.274-7.044c0-2.382-0.425-4.712-1.274-6.991 c-0.849-2.279-2.126-4.372-3.83-6.28l4.39-4.39c2.314,2.518,4.033,5.292,5.157,8.322c1.124,3.03,1.685,6.143,1.682,9.339 c0,3.199-0.562,6.329-1.686,9.392C50.356,30.371,48.638,33.161,46.327,35.679z M16.417,22c-2.246,0-4.169-0.8-5.77-2.401 c-1.601-1.601-2.4-3.523-2.397-5.766c0-2.246,0.8-4.169,2.401-5.77c1.601-1.601,3.523-2.4,5.766-2.397c2.246,0,4.169,0.8,5.77,2.401 c1.601,1.601,2.4,3.523,2.397,5.766c0,2.246-0.8,4.169-2.401,5.77C20.582,21.204,18.66,22.003,16.417,22z M0.083,38.333v-2.348 c0-1.633,0.442-3.131,1.327-4.492c0.885-1.361,2.11-2.382,3.675-3.062c1.769-0.749,3.591-1.327,5.463-1.735 c1.873-0.408,3.829-0.613,5.868-0.613c2.042,0,3.999,0.204,5.872,0.613c1.873,0.408,3.693,0.987,5.459,1.735 c1.565,0.681,2.79,1.701,3.675,3.062c0.885,1.361,1.327,2.858,1.327,4.492v2.348H0.083z M73.583,22c-2.246,0-4.169-0.8-5.77-2.401 c-1.601-1.601-2.4-3.523-2.397-5.766c0-2.246,0.8-4.169,2.401-5.77c1.601-1.601,3.522-2.4,5.766-2.397c2.246,0,4.169,0.8,5.77,2.401 c1.601,1.601,2.4,3.523,2.397,5.766c0,2.246-0.8,4.169-2.401,5.77C77.748,21.204,75.826,22.003,73.583,22z M57.25,38.333v-2.348 c0-1.633,0.442-3.131,1.327-4.492c0.885-1.361,2.11-2.382,3.675-3.062c1.769-0.749,3.589-1.327,5.459-1.735 c1.87-0.408,3.827-0.613,5.872-0.613c2.042,0,3.998,0.204,5.868,0.613c1.87,0.408,3.691,0.987,5.463,1.735 c1.565,0.681,2.79,1.701,3.675,3.062c0.885,1.361,1.327,2.858,1.327,4.492v2.348H57.25z\"><\/path><\/svg>\t\t\t<\/p>\n<h4>COMMUNICATION<\/h4>\n<p>Nous savons que la communication est la cl\u00e9 d\u2019une collaboration r\u00e9ussie. Chez nous, vous avez plusieurs possibilit\u00e9s de nous contacter pour nous faire part de vos pr\u00e9occupations, de vos questions et de vos souhaits.<\/p>\n<p>\t\t\t\t\t<a role=\"button\"><br \/>\n\t\t\t\t<svg xmlns=\"http:\/\/www.w3.org\/2000\/svg\" width=\"8\" height=\"14\" viewBox=\"0 0 8 14\" fill=\"none\"><path id=\"chevron-right\" d=\"M1 13L7 7L1 1\" stroke=\"#4197CB\" stroke-width=\"2\" stroke-linecap=\"round\" stroke-linejoin=\"round\"><\/path><\/svg><br \/>\n\t\t\t\t\t\t\t\t\tEN SAVOIR PLUS<br \/>\n\t\t\t\t\t<\/a><br \/>\n\t\t\t<svg xmlns=\"http:\/\/www.w3.org\/2000\/svg\" xmlns:xlink=\"http:\/\/www.w3.org\/1999\/xlink\" id=\"Layer_1\" x=\"0px\" y=\"0px\" viewBox=\"0 0 38 55\" style=\"enable-background:new 0 0 38 55;\" xml:space=\"preserve\"><\/p>\n<style type=\"text\/css\">\t.st0{fill:#0F3C5A;}\t.st1{fill:#FFFFFF;}<\/style>\n<path d=\"M6.852,0C3.073,0,0,3.083,0,6.875v41.25C0,51.917,3.073,55,6.852,55h23.981c3.779,0,6.852-3.083,6.852-6.875 V6.875C37.685,3.083,34.613,0,30.833,0H6.852z M15.417,46.406h6.852c0.942,0,1.713,0.773,1.713,1.719s-0.771,1.719-1.713,1.719 h-6.852c-0.942,0-1.713-0.773-1.713-1.719S14.474,46.406,15.417,46.406z\"><\/path><path d=\"M11,13.465L16.586,13v8.8h4.592V13L27,13.418v22.161L21.274,36v-9.639h-4.545V36L11,35.441V13.465z\"><\/path><\/svg>\t\t\t<\/p>\n<h4>SERVICES EN LIGNE<\/h4>\n<p>Gr\u00e2ce \u00e0 notre portail client ultramoderne, nous vous offrons un aper\u00e7u complet de vos commandes, de vos stocks actuels et de vos \u00e9valuations. Disponible \u00e0 tout moment et facile \u00e0 utiliser.<\/p>\n<p>\t\t\t\t\t<a role=\"button\"><br \/>\n\t\t\t\t<svg xmlns=\"http:\/\/www.w3.org\/2000\/svg\" width=\"8\" height=\"14\" viewBox=\"0 0 8 14\" fill=\"none\"><path id=\"chevron-right\" d=\"M1 13L7 7L1 1\" stroke=\"#4197CB\" stroke-width=\"2\" stroke-linecap=\"round\" stroke-linejoin=\"round\"><\/path><\/svg><br \/>\n\t\t\t\t\t\t\t\t\tEN SAVOIR PLUS<br \/>\n\t\t\t\t\t<\/a><\/p>\n","protected":false},"excerpt":{"rendered":"<p>Duba\u00ef en tant que hub strat\u00e9gique pour la logistique internationale de valeurs Solutions s\u00e9curis\u00e9es de logistique et de transport de valeurs au Moyen-Orient avec la pr\u00e9cision suisse Duba\u00ef est l\u2019un des plus importants march\u00e9s mondiaux pour les m\u00e9taux pr\u00e9cieux, les bijoux et les diamants. Plaque tournante internationale entre l\u2019Europe, l\u2019Afrique, l\u2019Asie et le Moyen-Orient, la&hellip;<\/p>\n","protected":false},"author":10,"featured_media":0,"parent":0,"menu_order":2,"comment_status":"closed","ping_status":"closed","template":"elementor_header_footer","meta":{"_acf_changed":false,"footnotes":""},"class_list":["post-94580","page","type-page","status-publish","hentry","description-off"],"acf":[],"yoast_head":"<!-- This site is optimized with the Yoast SEO plugin v26.9 - https:\/\/yoast.com\/product\/yoast-seo-wordpress\/ -->\n<title>Logistique de valeurs Duba\u00ef | Transport s\u00e9curis\u00e9 &amp; stockage Moyen-Orient<\/title>\n<meta name=\"description\" content=\"Logistique s\u00e9curis\u00e9e \u00e0 Duba\u00ef pour m\u00e9taux pr\u00e9cieux, billets et biens de valeur. Fiabilit\u00e9, efficacit\u00e9 et pr\u00e9cision suisse au c\u0153ur du Moyen-Orient.\" \/>\n<meta name=\"robots\" content=\"index, follow, max-snippet:-1, max-image-preview:large, max-video-preview:-1\" \/>\n<link rel=\"canonical\" href=\"https:\/\/helveticor.ch\/fr\/logistique-securisee-des-valeurs-a-dubai-precision-suisse-pour-le-moyen-orient\/\" \/>\n<meta property=\"og:locale\" content=\"fr_FR\" \/>\n<meta property=\"og:type\" content=\"article\" \/>\n<meta property=\"og:title\" content=\"Logistique de valeurs Duba\u00ef | Transport s\u00e9curis\u00e9 &amp; stockage Moyen-Orient\" \/>\n<meta property=\"og:description\" content=\"Logistique s\u00e9curis\u00e9e \u00e0 Duba\u00ef pour m\u00e9taux pr\u00e9cieux, billets et biens de valeur. Fiabilit\u00e9, efficacit\u00e9 et pr\u00e9cision suisse au c\u0153ur du Moyen-Orient.\" \/>\n<meta property=\"og:url\" content=\"https:\/\/helveticor.ch\/fr\/logistique-securisee-des-valeurs-a-dubai-precision-suisse-pour-le-moyen-orient\/\" \/>\n<meta property=\"og:site_name\" content=\"Helveticor\" \/>\n<meta property=\"article:modified_time\" content=\"2026-04-21T06:12:37+00:00\" \/>\n<meta property=\"og:image\" content=\"https:\/\/helveticor.ch\/wp-content\/uploads\/2026\/03\/Design-ohne-Titel-64.png\" \/>\n<meta name=\"twitter:card\" content=\"summary_large_image\" \/>\n<meta name=\"twitter:label1\" content=\"Dur\u00e9e de lecture estim\u00e9e\" \/>\n\t<meta name=\"twitter:data1\" content=\"5 minutes\" \/>\n<script type=\"application\/ld+json\" class=\"yoast-schema-graph\">{\"@context\":\"https:\/\/schema.org\",\"@graph\":[{\"@type\":\"WebPage\",\"@id\":\"https:\/\/helveticor.ch\/fr\/logistique-securisee-des-valeurs-a-dubai-precision-suisse-pour-le-moyen-orient\/\",\"url\":\"https:\/\/helveticor.ch\/fr\/logistique-securisee-des-valeurs-a-dubai-precision-suisse-pour-le-moyen-orient\/\",\"name\":\"Logistique de valeurs Duba\u00ef | Transport s\u00e9curis\u00e9 & stockage Moyen-Orient\",\"isPartOf\":{\"@id\":\"https:\/\/helveticor.ch\/#website\"},\"primaryImageOfPage\":{\"@id\":\"https:\/\/helveticor.ch\/fr\/logistique-securisee-des-valeurs-a-dubai-precision-suisse-pour-le-moyen-orient\/#primaryimage\"},\"image\":{\"@id\":\"https:\/\/helveticor.ch\/fr\/logistique-securisee-des-valeurs-a-dubai-precision-suisse-pour-le-moyen-orient\/#primaryimage\"},\"thumbnailUrl\":\"https:\/\/helveticor.ch\/wp-content\/uploads\/2026\/03\/Design-ohne-Titel-64.png\",\"datePublished\":\"2026-04-13T14:23:41+00:00\",\"dateModified\":\"2026-04-21T06:12:37+00:00\",\"description\":\"Logistique s\u00e9curis\u00e9e \u00e0 Duba\u00ef pour m\u00e9taux pr\u00e9cieux, billets et biens de valeur. Fiabilit\u00e9, efficacit\u00e9 et pr\u00e9cision suisse au c\u0153ur du Moyen-Orient.\",\"breadcrumb\":{\"@id\":\"https:\/\/helveticor.ch\/fr\/logistique-securisee-des-valeurs-a-dubai-precision-suisse-pour-le-moyen-orient\/#breadcrumb\"},\"inLanguage\":\"fr-FR\",\"potentialAction\":[{\"@type\":\"ReadAction\",\"target\":[\"https:\/\/helveticor.ch\/fr\/logistique-securisee-des-valeurs-a-dubai-precision-suisse-pour-le-moyen-orient\/\"]}]},{\"@type\":\"ImageObject\",\"inLanguage\":\"fr-FR\",\"@id\":\"https:\/\/helveticor.ch\/fr\/logistique-securisee-des-valeurs-a-dubai-precision-suisse-pour-le-moyen-orient\/#primaryimage\",\"url\":\"https:\/\/helveticor.ch\/wp-content\/uploads\/2026\/03\/Design-ohne-Titel-64.png\",\"contentUrl\":\"https:\/\/helveticor.ch\/wp-content\/uploads\/2026\/03\/Design-ohne-Titel-64.png\"},{\"@type\":\"BreadcrumbList\",\"@id\":\"https:\/\/helveticor.ch\/fr\/logistique-securisee-des-valeurs-a-dubai-precision-suisse-pour-le-moyen-orient\/#breadcrumb\",\"itemListElement\":[{\"@type\":\"ListItem\",\"position\":1,\"name\":\"Startseite\",\"item\":\"https:\/\/helveticor.ch\/fr\/home-2\/\"},{\"@type\":\"ListItem\",\"position\":2,\"name\":\"Dubai\"}]},{\"@type\":\"WebSite\",\"@id\":\"https:\/\/helveticor.ch\/#website\",\"url\":\"https:\/\/helveticor.ch\/\",\"name\":\"Helveticor\",\"description\":\"\",\"publisher\":{\"@id\":\"https:\/\/helveticor.ch\/#organization\"},\"potentialAction\":[{\"@type\":\"SearchAction\",\"target\":{\"@type\":\"EntryPoint\",\"urlTemplate\":\"https:\/\/helveticor.ch\/?s={search_term_string}\"},\"query-input\":{\"@type\":\"PropertyValueSpecification\",\"valueRequired\":true,\"valueName\":\"search_term_string\"}}],\"inLanguage\":\"fr-FR\"},{\"@type\":\"Organization\",\"@id\":\"https:\/\/helveticor.ch\/#organization\",\"name\":\"Helveticor AG\",\"url\":\"https:\/\/helveticor.ch\/\",\"logo\":{\"@type\":\"ImageObject\",\"inLanguage\":\"fr-FR\",\"@id\":\"https:\/\/helveticor.ch\/#\/schema\/logo\/image\/\",\"url\":\"https:\/\/helveticor.ch\/wp-content\/uploads\/2022\/05\/Helveticor-Header-Logo-Float.png\",\"contentUrl\":\"https:\/\/helveticor.ch\/wp-content\/uploads\/2022\/05\/Helveticor-Header-Logo-Float.png\",\"width\":370,\"height\":49,\"caption\":\"Helveticor AG\"},\"image\":{\"@id\":\"https:\/\/helveticor.ch\/#\/schema\/logo\/image\/\"},\"sameAs\":[\"https:\/\/www.linkedin.com\/company\/35473084\/\"]}]}<\/script>\n<!-- \/ Yoast SEO plugin. -->","yoast_head_json":{"title":"Logistique de valeurs Duba\u00ef | Transport s\u00e9curis\u00e9 & stockage Moyen-Orient","description":"Logistique s\u00e9curis\u00e9e \u00e0 Duba\u00ef pour m\u00e9taux pr\u00e9cieux, billets et biens de valeur. Fiabilit\u00e9, efficacit\u00e9 et pr\u00e9cision suisse au c\u0153ur du Moyen-Orient.","robots":{"index":"index","follow":"follow","max-snippet":"max-snippet:-1","max-image-preview":"max-image-preview:large","max-video-preview":"max-video-preview:-1"},"canonical":"https:\/\/helveticor.ch\/fr\/logistique-securisee-des-valeurs-a-dubai-precision-suisse-pour-le-moyen-orient\/","og_locale":"fr_FR","og_type":"article","og_title":"Logistique de valeurs Duba\u00ef | Transport s\u00e9curis\u00e9 & stockage Moyen-Orient","og_description":"Logistique s\u00e9curis\u00e9e \u00e0 Duba\u00ef pour m\u00e9taux pr\u00e9cieux, billets et biens de valeur. Fiabilit\u00e9, efficacit\u00e9 et pr\u00e9cision suisse au c\u0153ur du Moyen-Orient.","og_url":"https:\/\/helveticor.ch\/fr\/logistique-securisee-des-valeurs-a-dubai-precision-suisse-pour-le-moyen-orient\/","og_site_name":"Helveticor","article_modified_time":"2026-04-21T06:12:37+00:00","og_image":[{"url":"https:\/\/helveticor.ch\/wp-content\/uploads\/2026\/03\/Design-ohne-Titel-64.png","type":"","width":"","height":""}],"twitter_card":"summary_large_image","twitter_misc":{"Dur\u00e9e de lecture estim\u00e9e":"5 minutes"},"schema":{"@context":"https:\/\/schema.org","@graph":[{"@type":"WebPage","@id":"https:\/\/helveticor.ch\/fr\/logistique-securisee-des-valeurs-a-dubai-precision-suisse-pour-le-moyen-orient\/","url":"https:\/\/helveticor.ch\/fr\/logistique-securisee-des-valeurs-a-dubai-precision-suisse-pour-le-moyen-orient\/","name":"Logistique de valeurs Duba\u00ef | Transport s\u00e9curis\u00e9 & stockage Moyen-Orient","isPartOf":{"@id":"https:\/\/helveticor.ch\/#website"},"primaryImageOfPage":{"@id":"https:\/\/helveticor.ch\/fr\/logistique-securisee-des-valeurs-a-dubai-precision-suisse-pour-le-moyen-orient\/#primaryimage"},"image":{"@id":"https:\/\/helveticor.ch\/fr\/logistique-securisee-des-valeurs-a-dubai-precision-suisse-pour-le-moyen-orient\/#primaryimage"},"thumbnailUrl":"https:\/\/helveticor.ch\/wp-content\/uploads\/2026\/03\/Design-ohne-Titel-64.png","datePublished":"2026-04-13T14:23:41+00:00","dateModified":"2026-04-21T06:12:37+00:00","description":"Logistique s\u00e9curis\u00e9e \u00e0 Duba\u00ef pour m\u00e9taux pr\u00e9cieux, billets et biens de valeur. Fiabilit\u00e9, efficacit\u00e9 et pr\u00e9cision suisse au c\u0153ur du Moyen-Orient.","breadcrumb":{"@id":"https:\/\/helveticor.ch\/fr\/logistique-securisee-des-valeurs-a-dubai-precision-suisse-pour-le-moyen-orient\/#breadcrumb"},"inLanguage":"fr-FR","potentialAction":[{"@type":"ReadAction","target":["https:\/\/helveticor.ch\/fr\/logistique-securisee-des-valeurs-a-dubai-precision-suisse-pour-le-moyen-orient\/"]}]},{"@type":"ImageObject","inLanguage":"fr-FR","@id":"https:\/\/helveticor.ch\/fr\/logistique-securisee-des-valeurs-a-dubai-precision-suisse-pour-le-moyen-orient\/#primaryimage","url":"https:\/\/helveticor.ch\/wp-content\/uploads\/2026\/03\/Design-ohne-Titel-64.png","contentUrl":"https:\/\/helveticor.ch\/wp-content\/uploads\/2026\/03\/Design-ohne-Titel-64.png"},{"@type":"BreadcrumbList","@id":"https:\/\/helveticor.ch\/fr\/logistique-securisee-des-valeurs-a-dubai-precision-suisse-pour-le-moyen-orient\/#breadcrumb","itemListElement":[{"@type":"ListItem","position":1,"name":"Startseite","item":"https:\/\/helveticor.ch\/fr\/home-2\/"},{"@type":"ListItem","position":2,"name":"Dubai"}]},{"@type":"WebSite","@id":"https:\/\/helveticor.ch\/#website","url":"https:\/\/helveticor.ch\/","name":"Helveticor","description":"","publisher":{"@id":"https:\/\/helveticor.ch\/#organization"},"potentialAction":[{"@type":"SearchAction","target":{"@type":"EntryPoint","urlTemplate":"https:\/\/helveticor.ch\/?s={search_term_string}"},"query-input":{"@type":"PropertyValueSpecification","valueRequired":true,"valueName":"search_term_string"}}],"inLanguage":"fr-FR"},{"@type":"Organization","@id":"https:\/\/helveticor.ch\/#organization","name":"Helveticor AG","url":"https:\/\/helveticor.ch\/","logo":{"@type":"ImageObject","inLanguage":"fr-FR","@id":"https:\/\/helveticor.ch\/#\/schema\/logo\/image\/","url":"https:\/\/helveticor.ch\/wp-content\/uploads\/2022\/05\/Helveticor-Header-Logo-Float.png","contentUrl":"https:\/\/helveticor.ch\/wp-content\/uploads\/2022\/05\/Helveticor-Header-Logo-Float.png","width":370,"height":49,"caption":"Helveticor AG"},"image":{"@id":"https:\/\/helveticor.ch\/#\/schema\/logo\/image\/"},"sameAs":["https:\/\/www.linkedin.com\/company\/35473084\/"]}]}},"_links":{"self":[{"href":"https:\/\/helveticor.ch\/fr\/wp-json\/wp\/v2\/pages\/94580","targetHints":{"allow":["GET"]}}],"collection":[{"href":"https:\/\/helveticor.ch\/fr\/wp-json\/wp\/v2\/pages"}],"about":[{"href":"https:\/\/helveticor.ch\/fr\/wp-json\/wp\/v2\/types\/page"}],"author":[{"embeddable":true,"href":"https:\/\/helveticor.ch\/fr\/wp-json\/wp\/v2\/users\/10"}],"replies":[{"embeddable":true,"href":"https:\/\/helveticor.ch\/fr\/wp-json\/wp\/v2\/comments?post=94580"}],"version-history":[{"count":18,"href":"https:\/\/helveticor.ch\/fr\/wp-json\/wp\/v2\/pages\/94580\/revisions"}],"predecessor-version":[{"id":95167,"href":"https:\/\/helveticor.ch\/fr\/wp-json\/wp\/v2\/pages\/94580\/revisions\/95167"}],"wp:attachment":[{"href":"https:\/\/helveticor.ch\/fr\/wp-json\/wp\/v2\/media?parent=94580"}],"curies":[{"name":"wp","href":"https:\/\/api.w.org\/{rel}","templated":true}]}}